{"id":31,"date":"2018-11-21T19:31:33","date_gmt":"2018-11-21T19:31:33","guid":{"rendered":"http:\/\/hfbravi.com.br\/?page_id=31"},"modified":"2024-12-26T17:16:55","modified_gmt":"2024-12-26T17:16:55","slug":"front-page","status":"publish","type":"page","link":"http:\/\/www.hfbravi.com.br\/","title":{"rendered":"Front Page"},"content":{"rendered":"\t\t<div class=\"elementor elementor-31\">\n\t\t\t<div class=\"elementor-inner\">\n\t\t\t\t<div class=\"elementor-section-wrap\">\n\t\t\t\t\t\t\t<section data-id=\"0c20567\" class=\"elementor-element elementor-element-0c20567 elementor-section-boxed elementor-section-height-default elementor-section-height-default elementor-section elementor-top-section\" data-element_type=\"section\">\n\t\t\t\t\t\t<div class=\"elementor-container elementor-column-gap-default\">\n\t\t\t\t<div class=\"elementor-row\">\n\t\t\t\t<div data-id=\"c537907\" class=\"elementor-element elementor-element-c537907 elementor-column elementor-col-100 elementor-top-column\" data-element_type=\"column\">\n\t\t\t<div class=\"elementor-column-wrap elementor-element-populated\">\n\t\t\t\t\t<div class=\"elementor-widget-wrap\">\n\t\t\t\t<div data-id=\"902c465\" class=\"elementor-element elementor-element-902c465 elementor-widget elementor-widget-image\" data-element_type=\"image.default\">\n\t\t\t\t<div class=\"elementor-widget-container\">\n\t\t\t\t\t<div class=\"elementor-image\">\n\t\t\t\t\t\t\t\t\t\t<img width=\"2048\" height=\"1477\" src=\"http:\/\/www.hfbravi.com.br\/wp-content\/uploads\/2018\/11\/10505164_908775055815819_7306477989803040468_o.jpg\" class=\"attachment-full size-full\" alt=\"\" decoding=\"async\" loading=\"lazy\" srcset=\"http:\/\/www.hfbravi.com.br\/wp-content\/uploads\/2018\/11\/10505164_908775055815819_7306477989803040468_o.jpg 2048w, http:\/\/www.hfbravi.com.br\/wp-content\/uploads\/2018\/11\/10505164_908775055815819_7306477989803040468_o-300x216.jpg 300w, http:\/\/www.hfbravi.com.br\/wp-content\/uploads\/2018\/11\/10505164_908775055815819_7306477989803040468_o-768x554.jpg 768w, http:\/\/www.hfbravi.com.br\/wp-content\/uploads\/2018\/11\/10505164_908775055815819_7306477989803040468_o-1024x739.jpg 1024w, http:\/\/www.hfbravi.com.br\/wp-content\/uploads\/2018\/11\/10505164_908775055815819_7306477989803040468_o-830x599.jpg 830w, http:\/\/www.hfbravi.com.br\/wp-content\/uploads\/2018\/11\/10505164_908775055815819_7306477989803040468_o-230x166.jpg 230w, http:\/\/www.hfbravi.com.br\/wp-content\/uploads\/2018\/11\/10505164_908775055815819_7306477989803040468_o-350x252.jpg 350w, http:\/\/www.hfbravi.com.br\/wp-content\/uploads\/2018\/11\/10505164_908775055815819_7306477989803040468_o-480x346.jpg 480w\" sizes=\"(max-width: 2048px) 100vw, 2048px\" \/>\t\t\t\t\t\t\t\t\t\t\t<\/div>\n\t\t\t\t<\/div>\n\t\t\t\t<\/div>\n\t\t\t\t\t\t<\/div>\n\t\t\t<\/div>\n\t\t<\/div>\n\t\t\t\t\t\t<\/div>\n\t\t\t<\/div>\n\t\t<\/section>\n\t\t\t\t<section data-id=\"6f263ec\" class=\"elementor-element elementor-element-6f263ec elementor-section-boxed elementor-section-height-default elementor-section-height-default elementor-section elementor-top-section\" data-element_type=\"section\">\n\t\t\t\t\t\t<div class=\"elementor-container elementor-column-gap-default\">\n\t\t\t\t<div class=\"elementor-row\">\n\t\t\t\t<div data-id=\"b958233\" class=\"elementor-element elementor-element-b958233 elementor-column elementor-col-100 elementor-top-column\" data-element_type=\"column\">\n\t\t\t<div class=\"elementor-column-wrap elementor-element-populated\">\n\t\t\t\t\t<div class=\"elementor-widget-wrap\">\n\t\t\t\t<div data-id=\"bc2ee1d\" class=\"elementor-element elementor-element-bc2ee1d elementor-widget elementor-widget-text-editor\" data-element_type=\"text-editor.default\">\n\t\t\t\t<div class=\"elementor-widget-container\">\n\t\t\t\t\t<div class=\"elementor-text-editor elementor-clearfix\"><h4 style=\"text-align: center;\">\u00a0<\/h4><h5 style=\"text-align: center;\">FALE CONOSCO &#8211; CLIQUE NOS \u00cdCONES A SEGUIR<\/h5><h5 style=\"text-align: center;\">WHATSAPP 19 38761472<\/h5><h5 style=\"text-align: center;\">(Atendemos com liga\u00e7\u00e3o de v\u00eddeo e \u00e1udio,\u00a0<span style=\"background-color: transparent;\">foto, v\u00eddeo,<\/span><span style=\"background-color: transparent;\">\u00a0\u00e1udios, texto)\u00a0<\/span><\/h5><h5 style=\"text-align: center;\"><span style=\"background-color: transparent;\">\u00a0TELEFONE 19 38761472<\/span><\/h5><h5 style=\"text-align: center;\">ACOMPANHE AS NOVIDADES: CURTA E SIGA-NOS NO FACEBOOK E INSTAGRAM @hfbravi<\/h5><h5 style=\"text-align: center;\">www.facebook.com\/hfbravi<\/h5><h5 style=\"text-align: center;\">\u00a0 www.instagram.com\/hfbravi<\/h5><h5 style=\"text-align: center;\"><span style=\"background-color: transparent;\">E-MAIL HF BRAVI<\/span><\/h5><h5 style=\"text-align: center;\">\u00a0 hfbravi@uol.com.br\u00a0\u00a0\u00a0<\/h5><\/div>\n\t\t\t\t<\/div>\n\t\t\t\t<\/div>\n\t\t\t\t\t\t<\/div>\n\t\t\t<\/div>\n\t\t<\/div>\n\t\t\t\t\t\t<\/div>\n\t\t\t<\/div>\n\t\t<\/section>\n\t\t\t\t<section data-id=\"f08d27b\" class=\"elementor-element elementor-element-f08d27b elementor-section-boxed elementor-section-height-default elementor-section-height-default elementor-section elementor-top-section\" data-element_type=\"section\">\n\t\t\t\t\t\t<div class=\"elementor-container elementor-column-gap-default\">\n\t\t\t\t<div class=\"elementor-row\">\n\t\t\t\t<div data-id=\"cf40b99\" class=\"elementor-element elementor-element-cf40b99 elementor-column elementor-col-100 elementor-top-column\" data-element_type=\"column\">\n\t\t\t<div class=\"elementor-column-wrap elementor-element-populated\">\n\t\t\t\t\t<div class=\"elementor-widget-wrap\">\n\t\t\t\t<div data-id=\"4519cb0\" class=\"elementor-element elementor-element-4519cb0 elementor-shape-rounded elementor-widget elementor-widget-social-icons\" data-element_type=\"social-icons.default\">\n\t\t\t\t<div class=\"elementor-widget-container\">\n\t\t\t\t\t<div class=\"elementor-social-icons-wrapper\">\n\t\t\t\t\t\t\t<a class=\"elementor-icon elementor-social-icon elementor-social-icon-whatsapp\" href=\"https:\/\/wa.me\/&lt;1938761472&gt;\" target=\"_blank\">\n\t\t\t\t\t<span class=\"elementor-screen-only\">Whatsapp<\/span>\n\t\t\t\t\t<i class=\"fa fa-whatsapp\"><\/i>\n\t\t\t\t<\/a>\n\t\t\t\t\t\t\t<a class=\"elementor-icon elementor-social-icon elementor-social-icon-instagram\" href=\"https:\/\/www.instagram.com\/hfbravi\" target=\"_blank\">\n\t\t\t\t\t<span class=\"elementor-screen-only\">Instagram<\/span>\n\t\t\t\t\t<i class=\"fa fa-instagram\"><\/i>\n\t\t\t\t<\/a>\n\t\t\t\t\t\t\t<a class=\"elementor-icon elementor-social-icon elementor-social-icon-facebook\" href=\"http:\/\/www.facebook.com\/hfbravi\" target=\"_blank\">\n\t\t\t\t\t<span class=\"elementor-screen-only\">Facebook<\/span>\n\t\t\t\t\t<i class=\"fa fa-facebook\"><\/i>\n\t\t\t\t<\/a>\n\t\t\t\t\t\t\t<a class=\"elementor-icon elementor-social-icon elementor-social-icon-envelope\" href=\"hfbravi@uol.com.br\" target=\"_blank\">\n\t\t\t\t\t<span class=\"elementor-screen-only\">Envelope<\/span>\n\t\t\t\t\t<i class=\"fa fa-envelope\"><\/i>\n\t\t\t\t<\/a>\n\t\t\t\t\t<\/div>\n\t\t\t\t<\/div>\n\t\t\t\t<\/div>\n\t\t\t\t<div data-id=\"b37d400\" class=\"elementor-element elementor-element-b37d400 elementor-widget elementor-widget-divider\" data-element_type=\"divider.default\">\n\t\t\t\t<div class=\"elementor-widget-container\">\n\t\t\t\t\t<div class=\"elementor-divider\">\n\t\t\t<span class=\"elementor-divider-separator\"><\/span>\n\t\t<\/div>\n\t\t\t\t<\/div>\n\t\t\t\t<\/div>\n\t\t\t\t<div data-id=\"9ac5218\" class=\"elementor-element elementor-element-9ac5218 elementor-widget elementor-widget-google_maps\" data-element_type=\"google_maps.default\">\n\t\t\t\t<div class=\"elementor-widget-container\">\n\t\t\t<div class=\"elementor-custom-embed\"><iframe frameborder=\"0\" scrolling=\"no\" marginheight=\"0\" marginwidth=\"0\" src=\"https:\/\/maps.google.com\/maps?q=H%20F%20Bravi&amp;t=m&amp;z=10&amp;output=embed&amp;iwloc=near\" aria-label=\"H F Bravi\"><\/iframe><\/div>\t\t<\/div>\n\t\t\t\t<\/div>\n\t\t\t\t\t\t<\/div>\n\t\t\t<\/div>\n\t\t<\/div>\n\t\t\t\t\t\t<\/div>\n\t\t\t<\/div>\n\t\t<\/section>\n\t\t\t\t<section data-id=\"9b38888\" class=\"elementor-element elementor-element-9b38888 elementor-section-boxed elementor-section-height-default elementor-section-height-default elementor-section elementor-top-section\" data-element_type=\"section\">\n\t\t\t\t\t\t<div class=\"elementor-container elementor-column-gap-default\">\n\t\t\t\t<div class=\"elementor-row\">\n\t\t\t\t<div data-id=\"a725681\" class=\"elementor-element elementor-element-a725681 elementor-column elementor-col-100 elementor-top-column\" data-element_type=\"column\">\n\t\t\t<div class=\"elementor-column-wrap elementor-element-populated\">\n\t\t\t\t\t<div class=\"elementor-widget-wrap\">\n\t\t\t\t<div data-id=\"6ee9807\" class=\"elementor-element elementor-element-6ee9807 elementor-widget elementor-widget-divider\" data-element_type=\"divider.default\">\n\t\t\t\t<div class=\"elementor-widget-container\">\n\t\t\t\t\t<div class=\"elementor-divider\">\n\t\t\t<span class=\"elementor-divider-separator\"><\/span>\n\t\t<\/div>\n\t\t\t\t<\/div>\n\t\t\t\t<\/div>\n\t\t\t\t<section data-id=\"608a550\" class=\"elementor-element elementor-element-608a550 elementor-section-boxed elementor-section-height-default elementor-section-height-default elementor-section elementor-inner-section\" data-element_type=\"section\">\n\t\t\t\t\t\t<div class=\"elementor-container elementor-column-gap-default\">\n\t\t\t\t<div class=\"elementor-row\">\n\t\t\t\t<div data-id=\"69a8c5a\" class=\"elementor-element elementor-element-69a8c5a elementor-column elementor-col-50 elementor-inner-column\" data-element_type=\"column\">\n\t\t\t<div class=\"elementor-column-wrap elementor-element-populated\">\n\t\t\t\t\t<div class=\"elementor-widget-wrap\">\n\t\t\t\t<div data-id=\"ea39c92\" class=\"elementor-element elementor-element-ea39c92 elementor-widget elementor-widget-heading\" data-element_type=\"heading.default\">\n\t\t\t\t<div class=\"elementor-widget-container\">\n\t\t\t<h2 class=\"elementor-heading-title elementor-size-large\"><span style=\"background-color: transparent;\">H F BRAVI <\/span><br>NOSSA HIST\u00d3RIA<br><br>Angelo Bravi Tecidos e Confec\u00e7\u00f5es <br>Loja do Silvio<br>L. G . Bravi<br><br>VARIEDADE EM ARTIGOS<br>ATENDIMENTO PERSONALIZADO<br><br>Tecidos (vestu\u00e1rio, tecidos finos, decora\u00e7\u00e3o, artesanato)<br><br><span style=\"background-color: transparent;\">Pl\u00e1sticos, <\/span>Manta Acr\u00edlica e Siliconada <br><br>Home Decor,&nbsp;Cama, Mesa, Banho, Travesseiros, Almofadas, Tapetes, Cortinas, Var\u00f5es<br><br>Confec\u00e7\u00f5es GG+:<br>Pijamas, Camisas P\u00f3lo, Camisetas, Cal\u00e7as, Bermudas, Jaquetas (Jeans, Moletom, Sarja e Brim)<br>Cuecas, Calcinhas, Soutiens, Meias<br><br>Malas, Bolsas<br><br>Chap\u00e9us, Bon\u00e9s, Cintos, Suspens\u00f3rios, Gravatas e Acess\u00f3rios<br><br>Len\u00e7os Presidente<br><br>Fraldas<br><br>Tesouras Mundial <br><br>ENDERE\u00c7O <br>Rua Nove de Julho, 319, Centro, Vinhedo, SP - 13280-083&nbsp;<br><br>HOR\u00c1RIO DE FUNCIONAMENTO<br>Seg - Sex: 8h30 \u00e0s 18h<br>Sab: 8h30 \u00e0s 14h<\/h2>\t\t<\/div>\n\t\t\t\t<\/div>\n\t\t\t\t\t\t<\/div>\n\t\t\t<\/div>\n\t\t<\/div>\n\t\t\t\t<div data-id=\"a17f8f2\" class=\"elementor-element elementor-element-a17f8f2 elementor-column elementor-col-50 elementor-inner-column\" data-element_type=\"column\">\n\t\t\t<div class=\"elementor-column-wrap elementor-element-populated\">\n\t\t\t\t\t<div class=\"elementor-widget-wrap\">\n\t\t\t\t<div data-id=\"c593d7e\" class=\"elementor-element elementor-element-c593d7e elementor-widget elementor-widget-text-editor\" data-element_type=\"text-editor.default\">\n\t\t\t\t<div class=\"elementor-widget-container\">\n\t\t\t\t\t<div class=\"elementor-text-editor elementor-clearfix\"><p>\u00a0 Fundada em 1948 no Distrito de Paz de Rocinha, um ano antes de se tornar a cidade de Vinhedo em 1949, o estabelecimento possuiu as seguintes denomina\u00e7\u00f5es:\u00a0 Angelo Bravi &#8211; Tecidos e Confec\u00e7\u00f5es, Loja do Silvio (pois o fundador era c<span style=\"background-color: transparent;\">onhecido pelo seu nome de batismo, Silvio) e L. G Bravi<\/span><span style=\"background-color: transparent;\">\u00a0(<\/span><span style=\"background-color: transparent;\">em homenagem \u00e0 Sra. Lourdes Galafassi Bravi, esposa do fundador).<\/span><span style=\"background-color: transparent;\">\u00a0<\/span><span style=\"background-color: transparent;\">\u00a0A partir de 1995 a<\/span><span style=\"background-color: transparent;\">\u00a0&#8220;Loja do Silvio&#8221; recebe o nome do filho do casal, atual administrador, H\u00e9lder Fernando Bravi, tornando-se H F BRAVI. \u00c9 um imenso prazer acompanh\u00e1-los com o munic\u00edpio nessa jornada!<\/span><\/p><p><span style=\"background-color: transparent;\">A cada ano oferecemos variedade, pre\u00e7o, pagamento facilitado, qualidade, tradi\u00e7\u00e3o e ATENDIMENTO PERSONALIZADO.<\/span><\/p><div>\u00a0<\/div><div><span style=\"background-color: transparent;\">\u00a0<\/span><\/div><p>\u00a0<\/p><p><span style=\"background-color: transparent;\">\u00a0 \u00a0 \u00a0 \u00a0 \u00a0 \u00a0 \u00a0 \u00a0 \u00a0 \u00a0 \u00a0 \u00a0 \u00a0 \u00a0 \u00a0 \u00a0 \u00a0\u00a0<\/span><\/p><\/div>\n\t\t\t\t<\/div>\n\t\t\t\t<\/div>\n\t\t\t\t\t\t<\/div>\n\t\t\t<\/div>\n\t\t<\/div>\n\t\t\t\t\t\t<\/div>\n\t\t\t<\/div>\n\t\t<\/section>\n\t\t\t\t<div data-id=\"c8b6284\" class=\"elementor-element elementor-element-c8b6284 elementor-widget elementor-widget-divider\" data-element_type=\"divider.default\">\n\t\t\t\t<div class=\"elementor-widget-container\">\n\t\t\t\t\t<div class=\"elementor-divider\">\n\t\t\t<span class=\"elementor-divider-separator\"><\/span>\n\t\t<\/div>\n\t\t\t\t<\/div>\n\t\t\t\t<\/div>\n\t\t\t\t\t\t<\/div>\n\t\t\t<\/div>\n\t\t<\/div>\n\t\t\t\t\t\t<\/div>\n\t\t\t<\/div>\n\t\t<\/section>\n\t\t\t\t<section data-id=\"68025b9\" class=\"elementor-element elementor-element-68025b9 elementor-section-boxed elementor-section-height-default elementor-section-height-default elementor-section elementor-top-section\" data-element_type=\"section\">\n\t\t\t\t\t\t<div class=\"elementor-container elementor-column-gap-default\">\n\t\t\t\t<div class=\"elementor-row\">\n\t\t\t\t<div data-id=\"1c1ae5f\" class=\"elementor-element elementor-element-1c1ae5f elementor-column elementor-col-100 elementor-top-column\" data-element_type=\"column\">\n\t\t\t<div class=\"elementor-column-wrap\">\n\t\t\t\t\t<div class=\"elementor-widget-wrap\">\n\t\t\t\t\t\t<\/div>\n\t\t\t<\/div>\n\t\t<\/div>\n\t\t\t\t\t\t<\/div>\n\t\t\t<\/div>\n\t\t<\/section>\n\t\t\t\t\t\t<\/div>\n\t\t\t<\/div>\n\t\t<\/div>\n\t\t","protected":false},"excerpt":{"rendered":"<p>\u00a0 FALE CONOSCO &#8211; CLIQUE NOS \u00cdCONES A SEGUIR WHATSAPP 19 38761472 (Atendemos com liga\u00e7\u00e3o de v\u00eddeo e \u00e1udio,\u00a0foto, v\u00eddeo,\u00a0\u00e1udios, texto)\u00a0 \u00a0TELEFONE 19 38761472 ACOMPANHE AS NOVIDADES: CURTA E SIGA-NOS NO FACEBOOK E INSTAGRAM @hfbravi www.facebook.com\/hfbravi \u00a0 www.instagram.com\/hfbravi E-MAIL HF BRAVI \u00a0 hfbravi@uol.com.br\u00a0\u00a0\u00a0 Whatsapp Instagram Facebook Envelope H F BRAVI NOSSA HIST\u00d3RIA Angelo Bravi Tecidos [&hellip;]<\/p>\n","protected":false},"author":1,"featured_media":0,"parent":0,"menu_order":0,"comment_status":"closed","ping_status":"closed","template":"page-templates\/page_front-page.php","meta":[],"_links":{"self":[{"href":"http:\/\/www.hfbravi.com.br\/index.php?rest_route=\/wp\/v2\/pages\/31"}],"collection":[{"href":"http:\/\/www.hfbravi.com.br\/index.php?rest_route=\/wp\/v2\/pages"}],"about":[{"href":"http:\/\/www.hfbravi.com.br\/index.php?rest_route=\/wp\/v2\/types\/page"}],"author":[{"embeddable":true,"href":"http:\/\/www.hfbravi.com.br\/index.php?rest_route=\/wp\/v2\/users\/1"}],"replies":[{"embeddable":true,"href":"http:\/\/www.hfbravi.com.br\/index.php?rest_route=%2Fwp%2Fv2%2Fcomments&post=31"}],"version-history":[{"count":61,"href":"http:\/\/www.hfbravi.com.br\/index.php?rest_route=\/wp\/v2\/pages\/31\/revisions"}],"predecessor-version":[{"id":177,"href":"http:\/\/www.hfbravi.com.br\/index.php?rest_route=\/wp\/v2\/pages\/31\/revisions\/177"}],"wp:attachment":[{"href":"http:\/\/www.hfbravi.com.br\/index.php?rest_route=%2Fwp%2Fv2%2Fmedia&parent=31"}],"curies":[{"name":"wp","href":"https:\/\/api.w.org\/{rel}","templated":true}]}}